{"id":83,"date":"2021-04-07T04:17:11","date_gmt":"2021-04-07T04:17:11","guid":{"rendered":"https:\/\/dgs-lgx.com\/?page_id=83"},"modified":"2021-04-19T22:11:04","modified_gmt":"2021-04-19T22:11:04","slug":"qwfqwf","status":"publish","type":"page","link":"https:\/\/dgs-lgx.com\/?page_id=83","title":{"rendered":"Nosotros"},"content":{"rendered":"\n<p><strong>Somos una organizaci\u00f3n dedicada al servicio log\u00edstico integral, especializada en transporte de carga y aduanas dispuesta a ofrecer el mayor rendimiento y efectividad para garantizar la eficacia en las operaciones<\/strong><\/p>\n\n\n\n<p><strong>La amplia experiencia y capacidad de nuestros colaboradores nos permite atender de manera oportuna todos requerimientos y las necesidades del mercado.<\/strong><\/p>\n\n\n\n<p><strong>Nuestra principal fortaleza como equipo de trabajo es la proactividad con la cual marcamos la diferencia en el mercado, teniendo como principal objetivo el crecimiento y satisfacci\u00f3n del cliente.<\/strong><\/p>\n\n\n\n<p class=\"has-custom-font has-custom-lineheight has-custom-letterspacing\" style=\"font-family:Arial;line-height:1.57;letter-spacing:0.8px;font-size:29px\"><strong>Misi\u00f3n<\/strong><\/p>\n\n\n\n<p><strong>Facilitar soluciones log\u00edsticas basadas en la excelencia de nuestras operaciones y manejo de la informaci\u00f3n, enfocados en la satisfacci\u00f3n de nuestros clientes y el \u00e9xito de sus negocios con la finalidad de lograr el fortalecimiento y liderazgo organizacional.<\/strong><\/p>\n\n\n\n<p class=\"has-custom-font has-custom-weight has-custom-transform has-custom-lineheight has-custom-letterspacing\" style=\"font-family:Arial;line-height:1.57;letter-spacing:0.8px;font-weight:bold;text-transform:initial;font-size:29px\">Visi\u00f3n <\/p>\n\n\n\n<p><strong>Ser reconocidos a nivel nacional e internacional como uno de los principales operadores log\u00edsticos por nuestra innovaci\u00f3n y proactividad, satisfaciendo las necesidades de nuestros clientes y el bienestar de nuestros colaboradores, en donde el valor agregado y nuestro compromiso sean base fundamental en nuestro equipo humano.<\/strong><\/p>\n","protected":false},"excerpt":{"rendered":"<p>Somos una organizaci\u00f3n dedicada al servicio log\u00edstico integral, especializada en transporte de carga y aduanas dispuesta a ofrecer el mayor rendimiento y efectividad para garantizar la eficacia en las operaciones&hellip; <\/p>\n","protected":false},"author":1,"featured_media":0,"parent":0,"menu_order":0,"comment_status":"closed","ping_status":"closed","template":"","meta":{"_coblocks_attr":"LatoHelveticaGeorgia,Anton,Arvo,Asap Condensed,Barlow,Cormorant Garamond,Faustina,Fira Sans,IBM Plex Sans,Inconsolata,Heebo,Karla,Lato,Lora,Merriweather,Montserrat,Noto Sans,Noto Serif,Open Sans,Oswald,Playfair Display,Roboto,Abril Fatface,,,Arial","_coblocks_dimensions":"","_coblocks_responsive_height":"","_coblocks_accordion_ie_support":"","_joinchat":[],"footnotes":""},"class_list":["post-83","page","type-page","status-publish","hentry"],"_links":{"self":[{"href":"https:\/\/dgs-lgx.com\/index.php?rest_route=\/wp\/v2\/pages\/83","targetHints":{"allow":["GET"]}}],"collection":[{"href":"https:\/\/dgs-lgx.com\/index.php?rest_route=\/wp\/v2\/pages"}],"about":[{"href":"https:\/\/dgs-lgx.com\/index.php?rest_route=\/wp\/v2\/types\/page"}],"author":[{"embeddable":true,"href":"https:\/\/dgs-lgx.com\/index.php?rest_route=\/wp\/v2\/users\/1"}],"replies":[{"embeddable":true,"href":"https:\/\/dgs-lgx.com\/index.php?rest_route=%2Fwp%2Fv2%2Fcomments&post=83"}],"version-history":[{"count":13,"href":"https:\/\/dgs-lgx.com\/index.php?rest_route=\/wp\/v2\/pages\/83\/revisions"}],"predecessor-version":[{"id":149,"href":"https:\/\/dgs-lgx.com\/index.php?rest_route=\/wp\/v2\/pages\/83\/revisions\/149"}],"wp:attachment":[{"href":"https:\/\/dgs-lgx.com\/index.php?rest_route=%2Fwp%2Fv2%2Fmedia&parent=83"}],"curies":[{"name":"wp","href":"https:\/\/api.w.org\/{rel}","templated":true}]}}