{"id":84,"date":"2021-04-07T04:17:11","date_gmt":"2021-04-07T04:17:11","guid":{"rendered":"https:\/\/dgs-lgx.com\/?page_id=84"},"modified":"2021-04-19T22:30:42","modified_gmt":"2021-04-19T22:30:42","slug":"sdqsfwefew","status":"publish","type":"page","link":"https:\/\/dgs-lgx.com\/?page_id=84","title":{"rendered":"Nuestros servicios"},"content":{"rendered":"\n<p><strong><u>Nuestros servicios<\/u><\/strong><\/p>\n\n\n\n<ul class=\"wp-block-list\"><li><strong>Importaci\u00f3n \/ Exportaci\u00f3n.<\/strong><\/li><li><strong>Fletes internacionales.<\/strong><\/li><li><strong>Seguro internacional.<\/strong><\/li><li><strong>Reg\u00edmenes definitivos.<\/strong><\/li><li><strong>Reg\u00edmenes temporales.<\/strong><\/li><li><strong>Reg\u00edmenes suspensivos.<\/strong><\/li><li><strong>Asesor\u00eda legal.<\/strong><\/li><li><strong>Despacho de aduanas.<\/strong><\/li><li><strong>Asesoramiento en comercio integral.<\/strong><\/li><li><strong>Almacenamiento con nuestros principales socios estrat\u00e9gicos.<\/strong><\/li><li><strong>Importaci\u00f3n de veh\u00edculos nuevos, usados, tramites ante la SUNAT.<\/strong><\/li><li><strong>Asesor\u00eda y tramite documentario en certificaciones de origen para la liberaci\u00f3n de impuestos.<\/strong><\/li><li><strong>Tramites &#8211; Vuce: MTC, SENASA, PRODUCE y otros.<\/strong><\/li><li><strong>Transporte local &#8211; Monitoreo con GPS las 24 horas.<\/strong><\/li><\/ul>\n\n\n\n<p><\/p>\n","protected":false},"excerpt":{"rendered":"<p>Nuestros servicios Importaci\u00f3n \/ Exportaci\u00f3n. Fletes internacionales. Seguro internacional. Reg\u00edmenes definitivos. Reg\u00edmenes temporales. Reg\u00edmenes suspensivos. Asesor\u00eda legal. Despacho de aduanas. Asesoramiento en comercio integral. Almacenamiento con nuestros principales socios estrat\u00e9gicos.&hellip; <\/p>\n","protected":false},"author":1,"featured_media":0,"parent":0,"menu_order":0,"comment_status":"closed","ping_status":"closed","template":"","meta":{"_coblocks_attr":"","_coblocks_dimensions":"","_coblocks_responsive_height":"","_coblocks_accordion_ie_support":"","_joinchat":[],"footnotes":""},"class_list":["post-84","page","type-page","status-publish","hentry"],"_links":{"self":[{"href":"https:\/\/dgs-lgx.com\/index.php?rest_route=\/wp\/v2\/pages\/84","targetHints":{"allow":["GET"]}}],"collection":[{"href":"https:\/\/dgs-lgx.com\/index.php?rest_route=\/wp\/v2\/pages"}],"about":[{"href":"https:\/\/dgs-lgx.com\/index.php?rest_route=\/wp\/v2\/types\/page"}],"author":[{"embeddable":true,"href":"https:\/\/dgs-lgx.com\/index.php?rest_route=\/wp\/v2\/users\/1"}],"replies":[{"embeddable":true,"href":"https:\/\/dgs-lgx.com\/index.php?rest_route=%2Fwp%2Fv2%2Fcomments&post=84"}],"version-history":[{"count":6,"href":"https:\/\/dgs-lgx.com\/index.php?rest_route=\/wp\/v2\/pages\/84\/revisions"}],"predecessor-version":[{"id":156,"href":"https:\/\/dgs-lgx.com\/index.php?rest_route=\/wp\/v2\/pages\/84\/revisions\/156"}],"wp:attachment":[{"href":"https:\/\/dgs-lgx.com\/index.php?rest_route=%2Fwp%2Fv2%2Fmedia&parent=84"}],"curies":[{"name":"wp","href":"https:\/\/api.w.org\/{rel}","templated":true}]}}