{"id":95,"date":"2021-04-07T04:10:27","date_gmt":"2021-04-07T04:10:27","guid":{"rendered":"https:\/\/dgs-lgx.com\/?page_id=95"},"modified":"2021-04-20T14:32:04","modified_gmt":"2021-04-20T14:32:04","slug":"home-2","status":"publish","type":"page","link":"https:\/\/dgs-lgx.com\/","title":{"rendered":""},"content":{"rendered":"\n<blockquote class=\"wp-block-quote is-layout-flow wp-block-quote-is-layout-flow\"><p>Bienvenidos a su socio estrat\u00e9gico DGS Logistics S.A.C., Agente de carga internacional especializada en el transporte de carga a\u00e9rea, mar\u00edtima, terrestre, servicio de Aduana, almacenamiento y otros servicios log\u00edsticos.<\/p><p>Contamos con una red de Agentes a nivel mundial que garantizan la efectividad de nuestros servicios permiti\u00e9ndonos ofrecer precios competitivos y plazos m\u00e1s convenientes; optimizando el rendimiento en la cadena log\u00edstica.<\/p><\/blockquote>\n","protected":false},"excerpt":{"rendered":"<p>Bienvenidos a su socio estrat\u00e9gico DGS Logistics S.A.C., Agente de carga internacional especializada en el transporte de carga a\u00e9rea, mar\u00edtima, terrestre, servicio de Aduana, almacenamiento y otros servicios log\u00edsticos. Contamos&hellip; <\/p>\n","protected":false},"author":1,"featured_media":0,"parent":0,"menu_order":0,"comment_status":"closed","ping_status":"closed","template":"","meta":{"_coblocks_attr":"","_coblocks_dimensions":"","_coblocks_responsive_height":"","_coblocks_accordion_ie_support":"","_joinchat":[],"footnotes":""},"class_list":["post-95","page","type-page","status-publish","hentry"],"_links":{"self":[{"href":"https:\/\/dgs-lgx.com\/index.php?rest_route=\/wp\/v2\/pages\/95","targetHints":{"allow":["GET"]}}],"collection":[{"href":"https:\/\/dgs-lgx.com\/index.php?rest_route=\/wp\/v2\/pages"}],"about":[{"href":"https:\/\/dgs-lgx.com\/index.php?rest_route=\/wp\/v2\/types\/page"}],"author":[{"embeddable":true,"href":"https:\/\/dgs-lgx.com\/index.php?rest_route=\/wp\/v2\/users\/1"}],"replies":[{"embeddable":true,"href":"https:\/\/dgs-lgx.com\/index.php?rest_route=%2Fwp%2Fv2%2Fcomments&post=95"}],"version-history":[{"count":5,"href":"https:\/\/dgs-lgx.com\/index.php?rest_route=\/wp\/v2\/pages\/95\/revisions"}],"predecessor-version":[{"id":158,"href":"https:\/\/dgs-lgx.com\/index.php?rest_route=\/wp\/v2\/pages\/95\/revisions\/158"}],"wp:attachment":[{"href":"https:\/\/dgs-lgx.com\/index.php?rest_route=%2Fwp%2Fv2%2Fmedia&parent=95"}],"curies":[{"name":"wp","href":"https:\/\/api.w.org\/{rel}","templated":true}]}}